{"id":1880,"date":"2025-09-21T07:11:05","date_gmt":"2025-09-21T07:11:05","guid":{"rendered":"https:\/\/pro-cv.es\/en\/?page_id=1880"},"modified":"2025-09-21T07:11:06","modified_gmt":"2025-09-21T07:11:06","slug":"jobs-in-barcelona-2025-2026-complete-guide-for-international-job-seekers-with-visas-recruitment-expat-living-english-teaching-tech-careers-start-ups-cost-of-living-schools-and-best-areas","status":"publish","type":"page","link":"https:\/\/pro-cv.es\/en\/jobs-in-barcelona-2025-2026-complete-guide-for-international-job-seekers-with-visas-recruitment-expat-living-english-teaching-tech-careers-start-ups-cost-of-living-schools-and-best-areas\/","title":{"rendered":"Jobs in Barcelona 2025 2026 Complete Guide for International Job Seekers with Visas Recruitment Expat Living English Teaching Tech Careers Start Ups Cost of Living Schools and Best Areas"},"content":{"rendered":"\n<p>Barcelona in 2025 and 2026 continues to be one of the most attractive destinations for expatriates and international professionals in Spain, the city combines strong employment opportunities in technology creative industries tourism logistics advanced manufacturing and life sciences, Barcelona also leads the Spanish start up scene and is home to numerous international companies and incubators, this guide explains visas and registration recruitment agencies and headhunters expat living English teaching private sector jobs start ups cost of living schools resources and the best areas to live, with authority sources and CV support from <a href=\"https:\/\/pro-cv.es\/en\">ProCV Spain English<\/a>,<\/p>\n\n\n\n<p>visas and residence procedures in Barcelona follow national law, depending on nationality you may need a national visa type D or be allowed visa free entry, the Ministry of Foreign Affairs publishes official guidance at <a href=\"https:\/\/www.exteriores.gob.es\">exteriores.gob.es<\/a>, residence and work authorisations are managed by the Ministry of Inclusion at <a href=\"https:\/\/extranjeros.inclusion.gob.es\">extranjeros.inclusion.gob.es<\/a>, applications and appointments are processed via the electronic seat of public administrations at <a href=\"https:\/\/sede.administracionespublicas.gob.es\">sede.administracionespublicas.gob.es<\/a>, once in Barcelona you must register with social security at <a href=\"https:\/\/www.seg-social.es\">seg-social.es<\/a> obtain your tax number at <a href=\"https:\/\/www.aeat.es\">aeat.es<\/a> and complete padr\u00f3n registration at <a href=\"https:\/\/ajuntament.barcelona.cat\">ajuntament barcelona cat<\/a>,<\/p>\n\n\n\n<p>the job market in Barcelona is dynamic and international, public job offers are available on the State Employment Service at <a href=\"https:\/\/www.sepe.es\">sepe.es<\/a> and on the national platform at <a href=\"https:\/\/empleate.sepe.es\">empleate.sepe.es<\/a>, labour law and immigration regulations are updated in the Official State Gazette at <a href=\"https:\/\/www.boe.es\">boe.es<\/a>, labour and wage statistics are published by the National Statistics Institute at <a href=\"https:\/\/www.ine.es\">ine.es<\/a>, leading recruitment agencies in Barcelona include <a href=\"https:\/\/www.adecco.es\">adecco.es<\/a>, <a href=\"https:\/\/www.randstad.es\">randstad.es<\/a>, <a href=\"https:\/\/www.hays.es\">hays.es<\/a>, <a href=\"https:\/\/www.michaelpage.es\">michaelpage.es<\/a> and <a href=\"https:\/\/www.robertwalters.es\">robertwalters.es<\/a>, candidates are encouraged to prepare a Spanish style CV with GDPR consent and can use <a href=\"https:\/\/pro-cv.es\/en\">ProCV Spain English<\/a> for localisation,<\/p>\n\n\n\n<p>Barcelona leads the Spanish start up ecosystem, with hubs in Poblenou 22 district and Gl\u00f2ries, international entrepreneurs find support at accelerators and incubators, innovation funding and digital transformation programs are available through <a href=\"https:\/\/www.red.es\">red.es<\/a> and <a href=\"https:\/\/www.enisa.es\">enisa.es<\/a>, engineers developers designers data analysts and project managers are in high demand, the city attracts talent from across Europe and Latin America,<\/p>\n\n\n\n<p>teaching English continues to be a reliable option, language academies bilingual schools and international schools hire regularly, the Ministry of Education provides details at <a href=\"https:\/\/www.educacionyfp.gob.es\">educacionyfp.gob.es<\/a>, CELTA and TEFL certifications are valued, corporate training programs in Barcelona also recruit native English speakers, the demand is consistent with peaks in September and January,<\/p>\n\n\n\n<p>expat living in Barcelona offers a Mediterranean lifestyle with cultural richness, popular districts include Eixample with modernist architecture and central location, Gr\u00e0cia with village style atmosphere, Poblenou with tech companies and proximity to the beach, and Sarri\u00e0 with family oriented living, suburban areas such as Sant Cugat del Vall\u00e8s attract international families, transport passes are available from <a href=\"https:\/\/ajuntament.barcelona.cat\">ajuntament barcelona cat<\/a> and reduce commuting costs,<\/p>\n\n\n\n<p>the cost of living in Barcelona is moderate compared to other European capitals, rental costs are higher in central districts but more affordable in suburban areas, official data on wages and inflation is published at <a href=\"https:\/\/www.ine.es\">ine.es<\/a>, groceries public transport and healthcare remain accessible, social security provides public healthcare while private options are widely available, international schools charge tuition while public schools are free for residents,<\/p>\n\n\n\n<p>schools and universities in Barcelona include international options with British American and other curricula, public schools are free and operate by catchment area, international families often choose private or bilingual schools, the University of Barcelona and Universitat Aut\u00f2noma de Barcelona attract foreign students and researchers, guidance is available at <a href=\"https:\/\/www.educacionyfp.gob.es\">educacionyfp.gob.es<\/a>,<\/p>\n\n\n\n<p>the outlook for 2025 and 2026 in Barcelona is strong, the city continues to benefit from EU investment digitalisation programs and international recruitment, demand for bilingual professionals is increasing in technology creative sectors and finance, job seekers who prepare Spanish style applications and adapt CVs with <a href=\"https:\/\/pro-cv.es\/en\">ProCV Spain English<\/a> will have a competitive advantage, Barcelona combines opportunity lifestyle and international networks making it one of the best cities in Spain for expatriates,<\/p>\n","protected":false},"excerpt":{"rendered":"<p>Barcelona in 2025 and 2026 continues to be one of the most attractive destinations for expatriates and international professionals in Spain, the city combines strong employment opportunities in technology creative industries tourism logistics advanced manufacturing and life sciences, Barcelona also leads the Spanish start up scene and is home to numerous international companies and incubators, [&hellip;]<\/p>\n","protected":false},"author":1,"featured_media":0,"parent":0,"menu_order":0,"comment_status":"closed","ping_status":"closed","template":"","meta":{"footnotes":""},"class_list":["post-1880","page","type-page","status-publish","hentry"],"aioseo_notices":[],"_links":{"self":[{"href":"https:\/\/pro-cv.es\/en\/wp-json\/wp\/v2\/pages\/1880","targetHints":{"allow":["GET"]}}],"collection":[{"href":"https:\/\/pro-cv.es\/en\/wp-json\/wp\/v2\/pages"}],"about":[{"href":"https:\/\/pro-cv.es\/en\/wp-json\/wp\/v2\/types\/page"}],"author":[{"embeddable":true,"href":"https:\/\/pro-cv.es\/en\/wp-json\/wp\/v2\/users\/1"}],"replies":[{"embeddable":true,"href":"https:\/\/pro-cv.es\/en\/wp-json\/wp\/v2\/comments?post=1880"}],"version-history":[{"count":1,"href":"https:\/\/pro-cv.es\/en\/wp-json\/wp\/v2\/pages\/1880\/revisions"}],"predecessor-version":[{"id":1881,"href":"https:\/\/pro-cv.es\/en\/wp-json\/wp\/v2\/pages\/1880\/revisions\/1881"}],"wp:attachment":[{"href":"https:\/\/pro-cv.es\/en\/wp-json\/wp\/v2\/media?parent=1880"}],"curies":[{"name":"wp","href":"https:\/\/api.w.org\/{rel}","templated":true}]}}